{"id":168,"date":"2019-06-18T19:13:26","date_gmt":"2019-06-18T19:13:26","guid":{"rendered":"http:\/\/tkd-straubenhardt.de\/?page_id=168"},"modified":"2019-06-20T13:50:27","modified_gmt":"2019-06-20T13:50:27","slug":"10-jahre-tkd-wagner","status":"publish","type":"page","link":"http:\/\/tkd-straubenhardt.de\/?page_id=168","title":{"rendered":"10 Jahre TKD Wagner"},"content":{"rendered":"<p><span style=\"color: #ff0000;\"><strong>10 Jahre TKD Straubenhardt<\/strong><\/span><\/p>\n<p>Es ist tats\u00e4chlich wahr: wir haben in diesem Jahr 10j\u00e4hriges Jubil\u00e4um.<\/p>\n<p>Hier eine kleine Fotoauswahl anl\u00e4sslich der Vorf\u00fchrung und des Grillfests.<\/p>\n<p><img decoding=\"async\" loading=\"lazy\" class=\"alignright size-medium wp-image-329\" src=\"http:\/\/tkd-straubenhardt.de\/wp-content\/uploads\/2019\/06\/Tekki_110-300x199.jpg\" alt=\"\" width=\"300\" height=\"199\" srcset=\"http:\/\/tkd-straubenhardt.de\/wp-content\/uploads\/2019\/06\/Tekki_110-300x199.jpg 300w, http:\/\/tkd-straubenhardt.de\/wp-content\/uploads\/2019\/06\/Tekki_110-768x511.jpg 768w, http:\/\/tkd-straubenhardt.de\/wp-content\/uploads\/2019\/06\/Tekki_110-1024x681.jpg 1024w\" sizes=\"(max-width: 300px) 100vw, 300px\" \/><img decoding=\"async\" loading=\"lazy\" class=\"alignright size-medium wp-image-326\" src=\"http:\/\/tkd-straubenhardt.de\/wp-content\/uploads\/2019\/06\/Tekki_107-199x300.jpg\" alt=\"\" width=\"199\" height=\"300\" srcset=\"http:\/\/tkd-straubenhardt.de\/wp-content\/uploads\/2019\/06\/Tekki_107-199x300.jpg 199w, http:\/\/tkd-straubenhardt.de\/wp-content\/uploads\/2019\/06\/Tekki_107-768x1155.jpg 768w, http:\/\/tkd-straubenhardt.de\/wp-content\/uploads\/2019\/06\/Tekki_107-681x1024.jpg 681w, http:\/\/tkd-straubenhardt.de\/wp-content\/uploads\/2019\/06\/Tekki_107.jpg 2000w\" sizes=\"(max-width: 199px) 100vw, 199px\" \/><img decoding=\"async\" loading=\"lazy\" class=\"alignright size-medium wp-image-323\" src=\"http:\/\/tkd-straubenhardt.de\/wp-content\/uploads\/2019\/06\/Tekki_104-300x199.jpg\" alt=\"\" width=\"300\" height=\"199\" srcset=\"http:\/\/tkd-straubenhardt.de\/wp-content\/uploads\/2019\/06\/Tekki_104-300x199.jpg 300w, http:\/\/tkd-straubenhardt.de\/wp-content\/uploads\/2019\/06\/Tekki_104-768x511.jpg 768w, http:\/\/tkd-straubenhardt.de\/wp-content\/uploads\/2019\/06\/Tekki_104-1024x681.jpg 1024w\" sizes=\"(max-width: 300px) 100vw, 300px\" \/><img decoding=\"async\" loading=\"lazy\" class=\"alignright size-medium wp-image-322\" src=\"http:\/\/tkd-straubenhardt.de\/wp-content\/uploads\/2019\/06\/Tekki_103-199x300.jpg\" alt=\"\" width=\"199\" height=\"300\" srcset=\"http:\/\/tkd-straubenhardt.de\/wp-content\/uploads\/2019\/06\/Tekki_103-199x300.jpg 199w, http:\/\/tkd-straubenhardt.de\/wp-content\/uploads\/2019\/06\/Tekki_103-768x1155.jpg 768w, http:\/\/tkd-straubenhardt.de\/wp-content\/uploads\/2019\/06\/Tekki_103-681x1024.jpg 681w, http:\/\/tkd-straubenhardt.de\/wp-content\/uploads\/2019\/06\/Tekki_103.jpg 2000w\" sizes=\"(max-width: 199px) 100vw, 199px\" \/><img decoding=\"async\" loading=\"lazy\" class=\"alignright size-medium wp-image-313\" src=\"http:\/\/tkd-straubenhardt.de\/wp-content\/uploads\/2019\/06\/Tekki_094-199x300.jpg\" alt=\"\" width=\"199\" height=\"300\" srcset=\"http:\/\/tkd-straubenhardt.de\/wp-content\/uploads\/2019\/06\/Tekki_094-199x300.jpg 199w, http:\/\/tkd-straubenhardt.de\/wp-content\/uploads\/2019\/06\/Tekki_094-768x1155.jpg 768w, http:\/\/tkd-straubenhardt.de\/wp-content\/uploads\/2019\/06\/Tekki_094-681x1024.jpg 681w, http:\/\/tkd-straubenhardt.de\/wp-content\/uploads\/2019\/06\/Tekki_094.jpg 2000w\" sizes=\"(max-width: 199px) 100vw, 199px\" \/><img decoding=\"async\" loading=\"lazy\" class=\"alignright size-medium wp-image-315\" src=\"http:\/\/tkd-straubenhardt.de\/wp-content\/uploads\/2019\/06\/Tekki_096-199x300.jpg\" alt=\"\" width=\"199\" height=\"300\" srcset=\"http:\/\/tkd-straubenhardt.de\/wp-content\/uploads\/2019\/06\/Tekki_096-199x300.jpg 199w, http:\/\/tkd-straubenhardt.de\/wp-content\/uploads\/2019\/06\/Tekki_096-768x1155.jpg 768w, http:\/\/tkd-straubenhardt.de\/wp-content\/uploads\/2019\/06\/Tekki_096-681x1024.jpg 681w, http:\/\/tkd-straubenhardt.de\/wp-content\/uploads\/2019\/06\/Tekki_096.jpg 2000w\" sizes=\"(max-width: 199px) 100vw, 199px\" \/><img decoding=\"async\" loading=\"lazy\" class=\"alignright size-medium wp-image-312\" src=\"http:\/\/tkd-straubenhardt.de\/wp-content\/uploads\/2019\/06\/Tekki_093-199x300.jpg\" alt=\"\" width=\"199\" height=\"300\" srcset=\"http:\/\/tkd-straubenhardt.de\/wp-content\/uploads\/2019\/06\/Tekki_093-199x300.jpg 199w, http:\/\/tkd-straubenhardt.de\/wp-content\/uploads\/2019\/06\/Tekki_093-768x1155.jpg 768w, http:\/\/tkd-straubenhardt.de\/wp-content\/uploads\/2019\/06\/Tekki_093-681x1024.jpg 681w, http:\/\/tkd-straubenhardt.de\/wp-content\/uploads\/2019\/06\/Tekki_093.jpg 2000w\" sizes=\"(max-width: 199px) 100vw, 199px\" \/><img decoding=\"async\" loading=\"lazy\" class=\"alignright size-medium wp-image-310\" src=\"http:\/\/tkd-straubenhardt.de\/wp-content\/uploads\/2019\/06\/Tekki_091-300x199.jpg\" alt=\"\" width=\"300\" height=\"199\" srcset=\"http:\/\/tkd-straubenhardt.de\/wp-content\/uploads\/2019\/06\/Tekki_091-300x199.jpg 300w, http:\/\/tkd-straubenhardt.de\/wp-content\/uploads\/2019\/06\/Tekki_091-768x511.jpg 768w, http:\/\/tkd-straubenhardt.de\/wp-content\/uploads\/2019\/06\/Tekki_091-1024x681.jpg 1024w\" sizes=\"(max-width: 300px) 100vw, 300px\" \/><img decoding=\"async\" loading=\"lazy\" class=\"alignright size-medium wp-image-309\" src=\"http:\/\/tkd-straubenhardt.de\/wp-content\/uploads\/2019\/06\/Tekki_090-199x300.jpg\" alt=\"\" width=\"199\" height=\"300\" srcset=\"http:\/\/tkd-straubenhardt.de\/wp-content\/uploads\/2019\/06\/Tekki_090-199x300.jpg 199w, http:\/\/tkd-straubenhardt.de\/wp-content\/uploads\/2019\/06\/Tekki_090-768x1155.jpg 768w, http:\/\/tkd-straubenhardt.de\/wp-content\/uploads\/2019\/06\/Tekki_090-681x1024.jpg 681w, http:\/\/tkd-straubenhardt.de\/wp-content\/uploads\/2019\/06\/Tekki_090.jpg 2000w\" sizes=\"(max-width: 199px) 100vw, 199px\" \/><img decoding=\"async\" loading=\"lazy\" class=\"alignright size-medium wp-image-306\" src=\"http:\/\/tkd-straubenhardt.de\/wp-content\/uploads\/2019\/06\/Tekki_087-300x199.jpg\" alt=\"\" width=\"300\" height=\"199\" srcset=\"http:\/\/tkd-straubenhardt.de\/wp-content\/uploads\/2019\/06\/Tekki_087-300x199.jpg 300w, http:\/\/tkd-straubenhardt.de\/wp-content\/uploads\/2019\/06\/Tekki_087-768x511.jpg 768w, http:\/\/tkd-straubenhardt.de\/wp-content\/uploads\/2019\/06\/Tekki_087-1024x681.jpg 1024w\" sizes=\"(max-width: 300px) 100vw, 300px\" \/><img decoding=\"async\" loading=\"lazy\" class=\"alignright size-medium wp-image-304\" src=\"http:\/\/tkd-straubenhardt.de\/wp-content\/uploads\/2019\/06\/Tekki_085-300x199.jpg\" alt=\"\" width=\"300\" height=\"199\" srcset=\"http:\/\/tkd-straubenhardt.de\/wp-content\/uploads\/2019\/06\/Tekki_085-300x199.jpg 300w, http:\/\/tkd-straubenhardt.de\/wp-content\/uploads\/2019\/06\/Tekki_085-768x511.jpg 768w, http:\/\/tkd-straubenhardt.de\/wp-content\/uploads\/2019\/06\/Tekki_085-1024x681.jpg 1024w\" sizes=\"(max-width: 300px) 100vw, 300px\" \/><img decoding=\"async\" loading=\"lazy\" class=\"alignright size-medium wp-image-301\" src=\"http:\/\/tkd-straubenhardt.de\/wp-content\/uploads\/2019\/06\/Tekki_082-300x199.jpg\" alt=\"\" width=\"300\" height=\"199\" srcset=\"http:\/\/tkd-straubenhardt.de\/wp-content\/uploads\/2019\/06\/Tekki_082-300x199.jpg 300w, http:\/\/tkd-straubenhardt.de\/wp-content\/uploads\/2019\/06\/Tekki_082-768x511.jpg 768w, http:\/\/tkd-straubenhardt.de\/wp-content\/uploads\/2019\/06\/Tekki_082-1024x681.jpg 1024w\" sizes=\"(max-width: 300px) 100vw, 300px\" \/><img decoding=\"async\" loading=\"lazy\" class=\"alignright size-medium wp-image-299\" src=\"http:\/\/tkd-straubenhardt.de\/wp-content\/uploads\/2019\/06\/Tekki_080-300x199.jpg\" alt=\"\" width=\"300\" height=\"199\" srcset=\"http:\/\/tkd-straubenhardt.de\/wp-content\/uploads\/2019\/06\/Tekki_080-300x199.jpg 300w, http:\/\/tkd-straubenhardt.de\/wp-content\/uploads\/2019\/06\/Tekki_080-768x511.jpg 768w, http:\/\/tkd-straubenhardt.de\/wp-content\/uploads\/2019\/06\/Tekki_080-1024x681.jpg 1024w\" sizes=\"(max-width: 300px) 100vw, 300px\" \/><img decoding=\"async\" loading=\"lazy\" class=\"alignright size-medium wp-image-297\" src=\"http:\/\/tkd-straubenhardt.de\/wp-content\/uploads\/2019\/06\/Tekki_078-300x199.jpg\" alt=\"\" width=\"300\" height=\"199\" srcset=\"http:\/\/tkd-straubenhardt.de\/wp-content\/uploads\/2019\/06\/Tekki_078-300x199.jpg 300w, http:\/\/tkd-straubenhardt.de\/wp-content\/uploads\/2019\/06\/Tekki_078-768x511.jpg 768w, http:\/\/tkd-straubenhardt.de\/wp-content\/uploads\/2019\/06\/Tekki_078-1024x681.jpg 1024w\" sizes=\"(max-width: 300px) 100vw, 300px\" \/><img decoding=\"async\" loading=\"lazy\" class=\"alignright size-medium wp-image-295\" src=\"http:\/\/tkd-straubenhardt.de\/wp-content\/uploads\/2019\/06\/Tekki_076-300x199.jpg\" alt=\"\" width=\"300\" height=\"199\" srcset=\"http:\/\/tkd-straubenhardt.de\/wp-content\/uploads\/2019\/06\/Tekki_076-300x199.jpg 300w, http:\/\/tkd-straubenhardt.de\/wp-content\/uploads\/2019\/06\/Tekki_076-768x511.jpg 768w, http:\/\/tkd-straubenhardt.de\/wp-content\/uploads\/2019\/06\/Tekki_076-1024x681.jpg 1024w\" sizes=\"(max-width: 300px) 100vw, 300px\" \/><img decoding=\"async\" loading=\"lazy\" class=\"alignright size-medium wp-image-294\" src=\"http:\/\/tkd-straubenhardt.de\/wp-content\/uploads\/2019\/06\/Tekki_075-300x199.jpg\" alt=\"\" width=\"300\" height=\"199\" srcset=\"http:\/\/tkd-straubenhardt.de\/wp-content\/uploads\/2019\/06\/Tekki_075-300x199.jpg 300w, http:\/\/tkd-straubenhardt.de\/wp-content\/uploads\/2019\/06\/Tekki_075-768x511.jpg 768w, http:\/\/tkd-straubenhardt.de\/wp-content\/uploads\/2019\/06\/Tekki_075-1024x681.jpg 1024w\" sizes=\"(max-width: 300px) 100vw, 300px\" \/><img decoding=\"async\" loading=\"lazy\" class=\"alignright size-medium wp-image-285\" src=\"http:\/\/tkd-straubenhardt.de\/wp-content\/uploads\/2019\/06\/Tekki_066-300x199.jpg\" alt=\"\" width=\"300\" height=\"199\" srcset=\"http:\/\/tkd-straubenhardt.de\/wp-content\/uploads\/2019\/06\/Tekki_066-300x199.jpg 300w, http:\/\/tkd-straubenhardt.de\/wp-content\/uploads\/2019\/06\/Tekki_066-768x511.jpg 768w, http:\/\/tkd-straubenhardt.de\/wp-content\/uploads\/2019\/06\/Tekki_066-1024x681.jpg 1024w\" sizes=\"(max-width: 300px) 100vw, 300px\" \/><img decoding=\"async\" loading=\"lazy\" class=\"alignright size-medium wp-image-281\" src=\"http:\/\/tkd-straubenhardt.de\/wp-content\/uploads\/2019\/06\/Tekki_062-300x199.jpg\" alt=\"\" width=\"300\" height=\"199\" srcset=\"http:\/\/tkd-straubenhardt.de\/wp-content\/uploads\/2019\/06\/Tekki_062-300x199.jpg 300w, http:\/\/tkd-straubenhardt.de\/wp-content\/uploads\/2019\/06\/Tekki_062-768x511.jpg 768w, http:\/\/tkd-straubenhardt.de\/wp-content\/uploads\/2019\/06\/Tekki_062-1024x681.jpg 1024w\" sizes=\"(max-width: 300px) 100vw, 300px\" \/><img decoding=\"async\" loading=\"lazy\" class=\"alignright size-medium wp-image-293\" src=\"http:\/\/tkd-straubenhardt.de\/wp-content\/uploads\/2019\/06\/Tekki_074-300x199.jpg\" alt=\"\" width=\"300\" height=\"199\" srcset=\"http:\/\/tkd-straubenhardt.de\/wp-content\/uploads\/2019\/06\/Tekki_074-300x199.jpg 300w, http:\/\/tkd-straubenhardt.de\/wp-content\/uploads\/2019\/06\/Tekki_074-768x511.jpg 768w, http:\/\/tkd-straubenhardt.de\/wp-content\/uploads\/2019\/06\/Tekki_074-1024x681.jpg 1024w\" sizes=\"(max-width: 300px) 100vw, 300px\" \/><img decoding=\"async\" loading=\"lazy\" class=\"alignright size-medium wp-image-296\" src=\"http:\/\/tkd-straubenhardt.de\/wp-content\/uploads\/2019\/06\/Tekki_077-300x199.jpg\" alt=\"\" width=\"300\" height=\"199\" srcset=\"http:\/\/tkd-straubenhardt.de\/wp-content\/uploads\/2019\/06\/Tekki_077-300x199.jpg 300w, http:\/\/tkd-straubenhardt.de\/wp-content\/uploads\/2019\/06\/Tekki_077-768x511.jpg 768w, http:\/\/tkd-straubenhardt.de\/wp-content\/uploads\/2019\/06\/Tekki_077-1024x681.jpg 1024w\" sizes=\"(max-width: 300px) 100vw, 300px\" \/><img decoding=\"async\" loading=\"lazy\" class=\"alignright size-medium wp-image-276\" src=\"http:\/\/tkd-straubenhardt.de\/wp-content\/uploads\/2019\/06\/Tekki_057-300x199.jpg\" alt=\"\" width=\"300\" height=\"199\" srcset=\"http:\/\/tkd-straubenhardt.de\/wp-content\/uploads\/2019\/06\/Tekki_057-300x199.jpg 300w, http:\/\/tkd-straubenhardt.de\/wp-content\/uploads\/2019\/06\/Tekki_057-768x511.jpg 768w, http:\/\/tkd-straubenhardt.de\/wp-content\/uploads\/2019\/06\/Tekki_057-1024x681.jpg 1024w\" sizes=\"(max-width: 300px) 100vw, 300px\" \/><img decoding=\"async\" loading=\"lazy\" class=\"alignright size-medium wp-image-288\" src=\"http:\/\/tkd-straubenhardt.de\/wp-content\/uploads\/2019\/06\/Tekki_069-300x199.jpg\" alt=\"\" width=\"300\" height=\"199\" srcset=\"http:\/\/tkd-straubenhardt.de\/wp-content\/uploads\/2019\/06\/Tekki_069-300x199.jpg 300w, http:\/\/tkd-straubenhardt.de\/wp-content\/uploads\/2019\/06\/Tekki_069-768x511.jpg 768w, http:\/\/tkd-straubenhardt.de\/wp-content\/uploads\/2019\/06\/Tekki_069-1024x681.jpg 1024w\" sizes=\"(max-width: 300px) 100vw, 300px\" \/><img decoding=\"async\" loading=\"lazy\" class=\"alignright size-medium wp-image-261\" src=\"http:\/\/tkd-straubenhardt.de\/wp-content\/uploads\/2019\/06\/Tekki_042-300x199.jpg\" alt=\"\" width=\"300\" height=\"199\" srcset=\"http:\/\/tkd-straubenhardt.de\/wp-content\/uploads\/2019\/06\/Tekki_042-300x199.jpg 300w, http:\/\/tkd-straubenhardt.de\/wp-content\/uploads\/2019\/06\/Tekki_042-768x511.jpg 768w, http:\/\/tkd-straubenhardt.de\/wp-content\/uploads\/2019\/06\/Tekki_042-1024x681.jpg 1024w\" sizes=\"(max-width: 300px) 100vw, 300px\" \/><img decoding=\"async\" loading=\"lazy\" class=\"alignright size-medium wp-image-257\" src=\"http:\/\/tkd-straubenhardt.de\/wp-content\/uploads\/2019\/06\/Tekki_038-300x199.jpg\" alt=\"\" width=\"300\" height=\"199\" srcset=\"http:\/\/tkd-straubenhardt.de\/wp-content\/uploads\/2019\/06\/Tekki_038-300x199.jpg 300w, http:\/\/tkd-straubenhardt.de\/wp-content\/uploads\/2019\/06\/Tekki_038-768x511.jpg 768w, http:\/\/tkd-straubenhardt.de\/wp-content\/uploads\/2019\/06\/Tekki_038-1024x681.jpg 1024w\" sizes=\"(max-width: 300px) 100vw, 300px\" \/><img decoding=\"async\" loading=\"lazy\" class=\"alignright size-medium wp-image-256\" src=\"http:\/\/tkd-straubenhardt.de\/wp-content\/uploads\/2019\/06\/Tekki_037-300x199.jpg\" alt=\"\" width=\"300\" height=\"199\" srcset=\"http:\/\/tkd-straubenhardt.de\/wp-content\/uploads\/2019\/06\/Tekki_037-300x199.jpg 300w, http:\/\/tkd-straubenhardt.de\/wp-content\/uploads\/2019\/06\/Tekki_037-768x511.jpg 768w, http:\/\/tkd-straubenhardt.de\/wp-content\/uploads\/2019\/06\/Tekki_037-1024x681.jpg 1024w\" sizes=\"(max-width: 300px) 100vw, 300px\" \/><img decoding=\"async\" loading=\"lazy\" class=\"alignright size-medium wp-image-249\" src=\"http:\/\/tkd-straubenhardt.de\/wp-content\/uploads\/2019\/06\/Tekki_030-300x199.jpg\" alt=\"\" width=\"300\" height=\"199\" srcset=\"http:\/\/tkd-straubenhardt.de\/wp-content\/uploads\/2019\/06\/Tekki_030-300x199.jpg 300w, http:\/\/tkd-straubenhardt.de\/wp-content\/uploads\/2019\/06\/Tekki_030-768x511.jpg 768w, http:\/\/tkd-straubenhardt.de\/wp-content\/uploads\/2019\/06\/Tekki_030-1024x681.jpg 1024w\" sizes=\"(max-width: 300px) 100vw, 300px\" \/><img decoding=\"async\" loading=\"lazy\" class=\"alignright size-medium wp-image-243\" src=\"http:\/\/tkd-straubenhardt.de\/wp-content\/uploads\/2019\/06\/Tekki_024-300x199.jpg\" alt=\"\" width=\"300\" height=\"199\" srcset=\"http:\/\/tkd-straubenhardt.de\/wp-content\/uploads\/2019\/06\/Tekki_024-300x199.jpg 300w, http:\/\/tkd-straubenhardt.de\/wp-content\/uploads\/2019\/06\/Tekki_024-768x511.jpg 768w, http:\/\/tkd-straubenhardt.de\/wp-content\/uploads\/2019\/06\/Tekki_024-1024x681.jpg 1024w\" sizes=\"(max-width: 300px) 100vw, 300px\" \/><img decoding=\"async\" loading=\"lazy\" class=\"alignright size-medium wp-image-237\" src=\"http:\/\/tkd-straubenhardt.de\/wp-content\/uploads\/2019\/06\/Tekki_018-300x199.jpg\" alt=\"\" width=\"300\" height=\"199\" srcset=\"http:\/\/tkd-straubenhardt.de\/wp-content\/uploads\/2019\/06\/Tekki_018-300x199.jpg 300w, http:\/\/tkd-straubenhardt.de\/wp-content\/uploads\/2019\/06\/Tekki_018-768x511.jpg 768w, http:\/\/tkd-straubenhardt.de\/wp-content\/uploads\/2019\/06\/Tekki_018-1024x681.jpg 1024w\" sizes=\"(max-width: 300px) 100vw, 300px\" \/><img decoding=\"async\" loading=\"lazy\" class=\"alignright size-medium wp-image-231\" src=\"http:\/\/tkd-straubenhardt.de\/wp-content\/uploads\/2019\/06\/Tekki_012-300x199.jpg\" alt=\"\" width=\"300\" height=\"199\" srcset=\"http:\/\/tkd-straubenhardt.de\/wp-content\/uploads\/2019\/06\/Tekki_012-300x199.jpg 300w, http:\/\/tkd-straubenhardt.de\/wp-content\/uploads\/2019\/06\/Tekki_012-768x511.jpg 768w, http:\/\/tkd-straubenhardt.de\/wp-content\/uploads\/2019\/06\/Tekki_012-1024x681.jpg 1024w\" sizes=\"(max-width: 300px) 100vw, 300px\" \/><img decoding=\"async\" loading=\"lazy\" class=\"alignright size-medium wp-image-218\" src=\"http:\/\/tkd-straubenhardt.de\/wp-content\/uploads\/2019\/06\/PHOTO-2019-06-05-10-38-56-300x266.jpg\" alt=\"\" width=\"300\" height=\"266\" srcset=\"http:\/\/tkd-straubenhardt.de\/wp-content\/uploads\/2019\/06\/PHOTO-2019-06-05-10-38-56-300x266.jpg 300w, http:\/\/tkd-straubenhardt.de\/wp-content\/uploads\/2019\/06\/PHOTO-2019-06-05-10-38-56.jpg 631w\" sizes=\"(max-width: 300px) 100vw, 300px\" \/><img decoding=\"async\" loading=\"lazy\" class=\"alignright size-medium wp-image-221\" src=\"http:\/\/tkd-straubenhardt.de\/wp-content\/uploads\/2019\/06\/Tekki_002-300x199.jpg\" alt=\"\" width=\"300\" height=\"199\" srcset=\"http:\/\/tkd-straubenhardt.de\/wp-content\/uploads\/2019\/06\/Tekki_002-300x199.jpg 300w, http:\/\/tkd-straubenhardt.de\/wp-content\/uploads\/2019\/06\/Tekki_002-768x511.jpg 768w, http:\/\/tkd-straubenhardt.de\/wp-content\/uploads\/2019\/06\/Tekki_002-1024x681.jpg 1024w\" sizes=\"(max-width: 300px) 100vw, 300px\" \/><img decoding=\"async\" loading=\"lazy\" class=\"alignright size-medium wp-image-222\" src=\"http:\/\/tkd-straubenhardt.de\/wp-content\/uploads\/2019\/06\/Tekki_003-300x199.jpg\" alt=\"\" width=\"300\" height=\"199\" srcset=\"http:\/\/tkd-straubenhardt.de\/wp-content\/uploads\/2019\/06\/Tekki_003-300x199.jpg 300w, http:\/\/tkd-straubenhardt.de\/wp-content\/uploads\/2019\/06\/Tekki_003-768x511.jpg 768w, http:\/\/tkd-straubenhardt.de\/wp-content\/uploads\/2019\/06\/Tekki_003-1024x681.jpg 1024w\" sizes=\"(max-width: 300px) 100vw, 300px\" \/><img decoding=\"async\" loading=\"lazy\" class=\"alignright size-medium wp-image-217\" src=\"http:\/\/tkd-straubenhardt.de\/wp-content\/uploads\/2019\/06\/IMG_0609-e1561038156777-225x300.jpg\" alt=\"\" width=\"225\" height=\"300\" srcset=\"http:\/\/tkd-straubenhardt.de\/wp-content\/uploads\/2019\/06\/IMG_0609-e1561038156777-225x300.jpg 225w, http:\/\/tkd-straubenhardt.de\/wp-content\/uploads\/2019\/06\/IMG_0609-e1561038156777-768x1024.jpg 768w, http:\/\/tkd-straubenhardt.de\/wp-content\/uploads\/2019\/06\/IMG_0609-e1561038156777.jpg 1512w\" sizes=\"(max-width: 225px) 100vw, 225px\" \/><img decoding=\"async\" loading=\"lazy\" class=\"alignright size-medium wp-image-200\" src=\"http:\/\/tkd-straubenhardt.de\/wp-content\/uploads\/2019\/06\/f170de78-4f0f-44bb-ab3b-b53e4a91b9f3-300x225.jpg\" alt=\"\" width=\"300\" height=\"225\" srcset=\"http:\/\/tkd-straubenhardt.de\/wp-content\/uploads\/2019\/06\/f170de78-4f0f-44bb-ab3b-b53e4a91b9f3-300x225.jpg 300w, http:\/\/tkd-straubenhardt.de\/wp-content\/uploads\/2019\/06\/f170de78-4f0f-44bb-ab3b-b53e4a91b9f3-768x576.jpg 768w, http:\/\/tkd-straubenhardt.de\/wp-content\/uploads\/2019\/06\/f170de78-4f0f-44bb-ab3b-b53e4a91b9f3-1024x768.jpg 1024w, http:\/\/tkd-straubenhardt.de\/wp-content\/uploads\/2019\/06\/f170de78-4f0f-44bb-ab3b-b53e4a91b9f3.jpg 1600w\" sizes=\"(max-width: 300px) 100vw, 300px\" \/><img decoding=\"async\" loading=\"lazy\" class=\"alignright size-medium wp-image-203\" src=\"http:\/\/tkd-straubenhardt.de\/wp-content\/uploads\/2019\/06\/IMG_0589-300x225.jpg\" alt=\"\" width=\"300\" height=\"225\" srcset=\"http:\/\/tkd-straubenhardt.de\/wp-content\/uploads\/2019\/06\/IMG_0589-300x225.jpg 300w, http:\/\/tkd-straubenhardt.de\/wp-content\/uploads\/2019\/06\/IMG_0589-768x576.jpg 768w, http:\/\/tkd-straubenhardt.de\/wp-content\/uploads\/2019\/06\/IMG_0589-1024x768.jpg 1024w, http:\/\/tkd-straubenhardt.de\/wp-content\/uploads\/2019\/06\/IMG_0589.jpg 2016w\" sizes=\"(max-width: 300px) 100vw, 300px\" \/><img decoding=\"async\" loading=\"lazy\" class=\"alignright size-medium wp-image-211\" src=\"http:\/\/tkd-straubenhardt.de\/wp-content\/uploads\/2019\/06\/IMG_0597-e1561038214326-225x300.jpg\" alt=\"\" width=\"225\" height=\"300\" srcset=\"http:\/\/tkd-straubenhardt.de\/wp-content\/uploads\/2019\/06\/IMG_0597-e1561038214326-225x300.jpg 225w, http:\/\/tkd-straubenhardt.de\/wp-content\/uploads\/2019\/06\/IMG_0597-e1561038214326-768x1024.jpg 768w, http:\/\/tkd-straubenhardt.de\/wp-content\/uploads\/2019\/06\/IMG_0597-e1561038214326.jpg 1512w\" sizes=\"(max-width: 225px) 100vw, 225px\" \/><img decoding=\"async\" loading=\"lazy\" class=\"alignright size-medium wp-image-193\" src=\"http:\/\/tkd-straubenhardt.de\/wp-content\/uploads\/2019\/06\/d5dfe4b6-50c8-453f-921d-20853f35554a-300x225.jpg\" alt=\"\" width=\"300\" height=\"225\" srcset=\"http:\/\/tkd-straubenhardt.de\/wp-content\/uploads\/2019\/06\/d5dfe4b6-50c8-453f-921d-20853f35554a-300x225.jpg 300w, http:\/\/tkd-straubenhardt.de\/wp-content\/uploads\/2019\/06\/d5dfe4b6-50c8-453f-921d-20853f35554a-768x576.jpg 768w, http:\/\/tkd-straubenhardt.de\/wp-content\/uploads\/2019\/06\/d5dfe4b6-50c8-453f-921d-20853f35554a-1024x768.jpg 1024w, http:\/\/tkd-straubenhardt.de\/wp-content\/uploads\/2019\/06\/d5dfe4b6-50c8-453f-921d-20853f35554a.jpg 1599w\" sizes=\"(max-width: 300px) 100vw, 300px\" \/><img decoding=\"async\" loading=\"lazy\" class=\"alignright size-medium wp-image-181\" src=\"http:\/\/tkd-straubenhardt.de\/wp-content\/uploads\/2019\/06\/79aaac3a-8e26-4575-bb65-37c2c022863a-225x300.jpg\" alt=\"\" width=\"225\" height=\"300\" srcset=\"http:\/\/tkd-straubenhardt.de\/wp-content\/uploads\/2019\/06\/79aaac3a-8e26-4575-bb65-37c2c022863a-225x300.jpg 225w, http:\/\/tkd-straubenhardt.de\/wp-content\/uploads\/2019\/06\/79aaac3a-8e26-4575-bb65-37c2c022863a-768x1024.jpg 768w, http:\/\/tkd-straubenhardt.de\/wp-content\/uploads\/2019\/06\/79aaac3a-8e26-4575-bb65-37c2c022863a.jpg 1200w\" sizes=\"(max-width: 225px) 100vw, 225px\" \/><img decoding=\"async\" loading=\"lazy\" class=\"alignright size-medium wp-image-180\" src=\"http:\/\/tkd-straubenhardt.de\/wp-content\/uploads\/2019\/06\/7ca7fcb3-da91-4d6a-925d-0e4af4539cf4-300x225.jpg\" alt=\"\" width=\"300\" height=\"225\" srcset=\"http:\/\/tkd-straubenhardt.de\/wp-content\/uploads\/2019\/06\/7ca7fcb3-da91-4d6a-925d-0e4af4539cf4-300x225.jpg 300w, http:\/\/tkd-straubenhardt.de\/wp-content\/uploads\/2019\/06\/7ca7fcb3-da91-4d6a-925d-0e4af4539cf4-768x576.jpg 768w, http:\/\/tkd-straubenhardt.de\/wp-content\/uploads\/2019\/06\/7ca7fcb3-da91-4d6a-925d-0e4af4539cf4-1024x768.jpg 1024w, http:\/\/tkd-straubenhardt.de\/wp-content\/uploads\/2019\/06\/7ca7fcb3-da91-4d6a-925d-0e4af4539cf4.jpg 1600w\" sizes=\"(max-width: 300px) 100vw, 300px\" \/><img decoding=\"async\" loading=\"lazy\" class=\"alignright size-medium wp-image-273\" src=\"http:\/\/tkd-straubenhardt.de\/wp-content\/uploads\/2019\/06\/Tekki_054-300x199.jpg\" alt=\"\" width=\"300\" height=\"199\" srcset=\"http:\/\/tkd-straubenhardt.de\/wp-content\/uploads\/2019\/06\/Tekki_054-300x199.jpg 300w, http:\/\/tkd-straubenhardt.de\/wp-content\/uploads\/2019\/06\/Tekki_054-768x511.jpg 768w, http:\/\/tkd-straubenhardt.de\/wp-content\/uploads\/2019\/06\/Tekki_054-1024x681.jpg 1024w\" sizes=\"(max-width: 300px) 100vw, 300px\" \/><img decoding=\"async\" loading=\"lazy\" class=\"alignright size-medium wp-image-272\" src=\"http:\/\/tkd-straubenhardt.de\/wp-content\/uploads\/2019\/06\/Tekki_053-300x199.jpg\" alt=\"\" width=\"300\" height=\"199\" srcset=\"http:\/\/tkd-straubenhardt.de\/wp-content\/uploads\/2019\/06\/Tekki_053-300x199.jpg 300w, http:\/\/tkd-straubenhardt.de\/wp-content\/uploads\/2019\/06\/Tekki_053-768x511.jpg 768w, http:\/\/tkd-straubenhardt.de\/wp-content\/uploads\/2019\/06\/Tekki_053-1024x681.jpg 1024w\" sizes=\"(max-width: 300px) 100vw, 300px\" \/><img decoding=\"async\" loading=\"lazy\" class=\"alignright size-medium wp-image-219\" src=\"http:\/\/tkd-straubenhardt.de\/wp-content\/uploads\/2019\/06\/PHOTO-2019-06-14-11-26-35-e1561038357990-300x150.jpg\" alt=\"\" width=\"300\" height=\"150\" srcset=\"http:\/\/tkd-straubenhardt.de\/wp-content\/uploads\/2019\/06\/PHOTO-2019-06-14-11-26-35-e1561038357990-300x150.jpg 300w, http:\/\/tkd-straubenhardt.de\/wp-content\/uploads\/2019\/06\/PHOTO-2019-06-14-11-26-35-e1561038357990-768x384.jpg 768w, http:\/\/tkd-straubenhardt.de\/wp-content\/uploads\/2019\/06\/PHOTO-2019-06-14-11-26-35-e1561038357990-1024x512.jpg 1024w, http:\/\/tkd-straubenhardt.de\/wp-content\/uploads\/2019\/06\/PHOTO-2019-06-14-11-26-35-e1561038357990.jpg 1599w\" sizes=\"(max-width: 300px) 100vw, 300px\" \/><\/p>\n","protected":false},"excerpt":{"rendered":"<p>10 Jahre TKD Straubenhardt Es ist tats\u00e4chlich wahr: wir haben in diesem Jahr 10j\u00e4hriges Jubil\u00e4um. Hier eine kleine Fotoauswahl anl\u00e4sslich der Vorf\u00fchrung und des Grillfests.<\/p>\n","protected":false},"author":2,"featured_media":0,"parent":0,"menu_order":0,"comment_status":"closed","ping_status":"closed","template":"","meta":[],"_links":{"self":[{"href":"http:\/\/tkd-straubenhardt.de\/index.php?rest_route=\/wp\/v2\/pages\/168"}],"collection":[{"href":"http:\/\/tkd-straubenhardt.de\/index.php?rest_route=\/wp\/v2\/pages"}],"about":[{"href":"http:\/\/tkd-straubenhardt.de\/index.php?rest_route=\/wp\/v2\/types\/page"}],"author":[{"embeddable":true,"href":"http:\/\/tkd-straubenhardt.de\/index.php?rest_route=\/wp\/v2\/users\/2"}],"replies":[{"embeddable":true,"href":"http:\/\/tkd-straubenhardt.de\/index.php?rest_route=%2Fwp%2Fv2%2Fcomments&post=168"}],"version-history":[{"count":3,"href":"http:\/\/tkd-straubenhardt.de\/index.php?rest_route=\/wp\/v2\/pages\/168\/revisions"}],"predecessor-version":[{"id":331,"href":"http:\/\/tkd-straubenhardt.de\/index.php?rest_route=\/wp\/v2\/pages\/168\/revisions\/331"}],"wp:attachment":[{"href":"http:\/\/tkd-straubenhardt.de\/index.php?rest_route=%2Fwp%2Fv2%2Fmedia&parent=168"}],"curies":[{"name":"wp","href":"https:\/\/api.w.org\/{rel}","templated":true}]}}