{"id":15,"date":"2017-01-06T12:58:21","date_gmt":"2017-01-06T12:58:21","guid":{"rendered":"http:\/\/tkd-straubenhardt.de\/?page_id=15"},"modified":"2023-01-10T21:22:32","modified_gmt":"2023-01-10T21:22:32","slug":"ueber-uns-und-taekwondo","status":"publish","type":"page","link":"http:\/\/tkd-straubenhardt.de\/?page_id=15","title":{"rendered":"\u00dcber uns und Taekwondo"},"content":{"rendered":"<p>TaeKwonDo ist die koreanische Kunst der\u00a0waffenlosen Selbstverteidigung.<\/p>\n<p>\u00dcbersetzt bedeutet es &#8222;Der Weg des Fu\u00dfes und der Hand&#8220;.<br \/>\nDamit werden die zentralen Inhalte, die k\u00f6rperliche und geistige Entwicklung,\u00a0beschrieben.<\/p>\n<p>TaeKwonDo steht besonders f\u00fcr seine extrem schnellen und explosiven Fu\u00dftechniken.<br \/>\nTrainiert wird aber der ganze K\u00f6rper.<\/p>\n<p>TaeKwonDo bietet k\u00f6rperliche Aspekte<br \/>\n&#8211; Beweglichkeit<br \/>\n&#8211; Schnelligkeit<br \/>\n&#8211; Ausdauer<br \/>\n&#8211; Kraft<br \/>\n&#8211; Koordination<br \/>\n&#8211; Konzentration<\/p>\n<p>TaeKwonDo bietet aber auch geistige Aspekte<br \/>\n&#8211; Selbstsicherheit<br \/>\n&#8211; Respekt<br \/>\n&#8211; Bescheidenheit<br \/>\n&#8211; innere Ruhe<\/p>\n<p>Die Grunds\u00e4tze des TaeKwonDo sind &#8230;<br \/>\n&#8230; H\u00f6flichkeit<br \/>\n&#8230; Integrit\u00e4t<br \/>\n&#8230;\u00a0Selbstdisziplin<br \/>\n&#8230; Durchhalteverm\u00f6gen<br \/>\n&#8230; Unbezwingbarkeit<\/p>\n<p>Mathias Wagner ist sportlicher Leiter der TaeKwonDo Schule und Tr\u00e4ger des 4. DAN.<\/p>\n<p>Zusammen mit Waldemar Knaub, Tr\u00e4ger des 4. DAN, sind die beiden unsere Trainer der ersten Stunde.<\/p>\n<p>Seit 2016 ist Lea Wagner ebenfalls als Trainerin dabei. Sie tr\u00e4gt den 3. DAN.<\/p>\n<p>Kevin H\u00e4rtel ist seit 2015 als Unterst\u00fctzung des Trainerteams mit dabei, er ist Tr\u00e4ger des 4. DAN. Beruflich eingebunden agiert er im Moment mehr im Hintergrund, ist aber auf Abruf immer bereit.<\/p>\n<p>Olga Wagner k\u00fcmmert sich um\u00a0die Organisation rund um die Schule.<\/p>\n<p>Wir f\u00fchren die Schule seit Mai 2009.<\/p>\n","protected":false},"excerpt":{"rendered":"<p>TaeKwonDo ist die koreanische Kunst der\u00a0waffenlosen Selbstverteidigung. \u00dcbersetzt bedeutet es &#8222;Der Weg des Fu\u00dfes und der Hand&#8220;. Damit werden die zentralen Inhalte, die k\u00f6rperliche und geistige Entwicklung,\u00a0beschrieben. TaeKwonDo steht besonders f\u00fcr seine extrem schnellen und explosiven Fu\u00dftechniken. Trainiert wird aber &hellip; <a href=\"http:\/\/tkd-straubenhardt.de\/?page_id=15\">Weiterlesen <span class=\"meta-nav\">&rarr;<\/span><\/a><\/p>\n","protected":false},"author":1,"featured_media":0,"parent":0,"menu_order":0,"comment_status":"closed","ping_status":"closed","template":"","meta":[],"_links":{"self":[{"href":"http:\/\/tkd-straubenhardt.de\/index.php?rest_route=\/wp\/v2\/pages\/15"}],"collection":[{"href":"http:\/\/tkd-straubenhardt.de\/index.php?rest_route=\/wp\/v2\/pages"}],"about":[{"href":"http:\/\/tkd-straubenhardt.de\/index.php?rest_route=\/wp\/v2\/types\/page"}],"author":[{"embeddable":true,"href":"http:\/\/tkd-straubenhardt.de\/index.php?rest_route=\/wp\/v2\/users\/1"}],"replies":[{"embeddable":true,"href":"http:\/\/tkd-straubenhardt.de\/index.php?rest_route=%2Fwp%2Fv2%2Fcomments&post=15"}],"version-history":[{"count":8,"href":"http:\/\/tkd-straubenhardt.de\/index.php?rest_route=\/wp\/v2\/pages\/15\/revisions"}],"predecessor-version":[{"id":500,"href":"http:\/\/tkd-straubenhardt.de\/index.php?rest_route=\/wp\/v2\/pages\/15\/revisions\/500"}],"wp:attachment":[{"href":"http:\/\/tkd-straubenhardt.de\/index.php?rest_route=%2Fwp%2Fv2%2Fmedia&parent=15"}],"curies":[{"name":"wp","href":"https:\/\/api.w.org\/{rel}","templated":true}]}}